{"id":1878,"date":"2020-05-24T15:47:24","date_gmt":"2020-05-24T15:47:24","guid":{"rendered":"https:\/\/pilates-individual.com\/legal-advice\/"},"modified":"2022-06-14T19:09:30","modified_gmt":"2022-06-14T19:09:30","slug":"legal-advice","status":"publish","type":"page","link":"https:\/\/pilates-individual.com\/es\/legal-advice\/","title":{"rendered":"Aviso Legal"},"content":{"rendered":"<p>[et_pb_section fb_built=\u00bb1&#8243; admin_label=\u00bbsection\u00bb _builder_version=\u00bb4.16&#8243; global_colors_info=\u00bb{}\u00bb][et_pb_row admin_label=\u00bbrow\u00bb _builder_version=\u00bb4.16&#8243; background_size=\u00bbinitial\u00bb background_position=\u00bbtop_left\u00bb background_repeat=\u00bbrepeat\u00bb global_colors_info=\u00bb{}\u00bb][et_pb_column type=\u00bb4_4&#8243; _builder_version=\u00bb4.16&#8243; custom_padding=\u00bb|||\u00bb global_colors_info=\u00bb{}\u00bb custom_padding__hover=\u00bb|||\u00bb][et_pb_button button_url=\u00bbhttps:\/\/pilates-individual.com\/wp-content\/uploads\/2022\/06\/Pilatesindividual-legal-es.pdf\u00bb url_new_window=\u00bbon\u00bb button_text=\u00bbAviso Legal &#8211; PDF descarga\u00bb admin_label=\u00bblegal pdf download Button\u00bb _builder_version=\u00bb4.17.4&#8243; _module_preset=\u00bbdefault\u00bb global_colors_info=\u00bb{}\u00bb][\/et_pb_button][et_pb_text _builder_version=\u00bb4.16&#8243; header_font=\u00bb|700|||||||\u00bb header_text_color=\u00bb#99e6ea\u00bb header_2_font=\u00bb|600|||||||\u00bb header_2_text_color=\u00bb#02a2d0&#8243; global_colors_info=\u00bb{}\u00bb]<\/p>\n<h1>AVISO LEGAL<\/h1>\n<h2>INTRODUCCION:<\/h2>\n<p>El presente documento tiene como finalidad el establecer y regular las normas de uso de este portal web, entendiendo por \u00e9ste todas las p\u00e1ginas y sus contenidos, propiedad de Angela Wild , a las cuales se accede a trav\u00e9s del dominio https:\/\/pilates-individual.com\/. La utilizaci\u00f3n del portal web atribuye la condici\u00f3n de usuario del mismo e implica la aceptaci\u00f3n de todas las condiciones incluidas en el presente aviso Legal. El usuario se compromete a leer atentamente el presente aviso Legal en cada una de las ocasiones en que se proponga utilizar nuestro portal web, ya que \u00e9ste y sus condiciones de uso recogidas en el presente aviso Legal pueden sufrir modificaciones<\/p>\n<h2>DATOS IDENTIFICATIVOS:<\/h2>\n<p>En cumplimiento con el deber de informaci\u00f3n recogido en el art\u00edculo 10 de la Ley 34\/2002, de 11 de julio, de Servicios de la Sociedad de la Informaci\u00f3n y del Comercio Electr\u00f3nico, a continuaci\u00f3n, se reflejan los siguientes datos:<\/p>\n<ul>\n<li>Raz\u00f3n social: Angela Wild<\/li>\n<li>CIF: x1411957X<\/li>\n<li>Domicilio:: Avenida Central, 134, A, CP 35572 MASDACHE, Las Palmas<\/li>\n<li>Tel\u00e9fono: 630723325<\/li>\n<li>Correo electr\u00f3nico: <a href=\"mailto:angela.wild@web.de\">angela.wild@web.de<\/a><\/li>\n<li>Nombre del dominio: <a href=\"https:\/\/pilates-individual.com\/\">https:\/\/pilates-individual.com\/<\/a><\/li>\n<\/ul>\n<h2>USUARIAS Y USUARIOS:<\/h2>\n<p>El acceso y uso de este portal , atribuye la condici\u00f3n de USUARIA\/O, que acepta, desde dicho acceso y uso, las Condiciones Generales de Uso aqu\u00ed reflejadas. Las citadas Condiciones ser\u00e1n de aplicaci\u00f3n independientemente de las Condiciones Generales de Contrataci\u00f3n que en su caso resulten de obligado cumplimiento.<\/p>\n<h2>USO DEL PORTAL:<\/h2>\n<p>Proporciona el acceso a diversas informaciones sobre nuestra entidad, apartados de contacto, hiperenlaces a redes sociales, en adelante contenidos pertenecientes a Angela Wild , o a sus licenciadores, a los que la usuaria o el usuario pueda tener acceso. La usuaria o el usuario asume la responsabilidad del uso del portal. Dicha responsabilidad se extiende al registro que fuese necesario para acceder a determinados servicios o contenidos, o bien para posibilitar la respuesta en relaci\u00f3n con sus consultas en los apartados de contacto de la presente p\u00e1gina web, etc. En dicho registro la usuaria o el usuario ser\u00e1 responsable de aportar informaci\u00f3n veraz y l\u00edcita.<\/p>\n<h2>PROPIEDAD INTELECTUAL E INDUSTRIAL:<\/h2>\n<p>Angela Wild, por s\u00ed o como cesionaria, es titular de todos los derechos de propiedad intelectual e industrial de su p\u00e1gina web, as\u00ed como de los elementos contenidos en la misma (a t\u00edtulo enunciativo: im\u00e1genes, sonido, audio, v\u00eddeo, software o textos; marcas o logotipos, combinaciones de colores, estructura y dise\u00f1o, selecci\u00f3n de materiales usados, programas de ordenador necesarios para su funcionamiento, acceso y uso, etc.). Todos los derechos reservados. En virtud de lo dispuesto en los art\u00edculos 8 y 32.2, p\u00e1rrafo segundo, de la Ley de Propiedad Intelectual, quedan expresamente prohibidas la reproducci\u00f3n, la distribuci\u00f3n y la comunicaci\u00f3n p\u00fablica, incluida su modalidad de puesta a disposici\u00f3n, de la totalidad o parte de los contenidos de esta p\u00e1gina web, con fines comerciales, en cualquier soporte y por cualquier medio t\u00e9cnico, sin la autorizaci\u00f3n de<br \/>Angela Wild . En ning\u00fan momento, salvo manifestaci\u00f3n expresa de lo contrario, el acceso, navegaci\u00f3n o utilizaci\u00f3n del sitio Web o de sus contenidos confiere a la usuaria o al usuario derecho alguno sobre signos distintivos en \u00e9l incluidos. La usuaria o el usuario se compromete a respetar los<br \/>derechos de Propiedad Intelectual e Industrial titularidad de Angela Wild En el caso de que la usuaria o el usuario env\u00ede informaci\u00f3n de cualquier tipo a Angela Wild a trav\u00e9s de cualquiera de los canales habilitados para ello dentro de nuestro portal web, la usuaria o el usuario declara, garantiza y acepta que tiene derecho a hacerlo con total libertad, que dicha informaci\u00f3n no infringe ning\u00fan derecho de propiedad intelectual, industrial, o cualesquiera otros derechos de terceras personas, y que dicha informaci\u00f3n no tiene car\u00e1cter confidencial ni es perjudicial para terceras personas.<\/p>\n<h2>EXCLUSI\u00d3N DE GARANT\u00cdAS Y RESPONSABILIDAD:<\/h2>\n<p>Angela Wild no se hace responsable, en ning\u00fan caso, de los da\u00f1os y perjuicios de cualquier naturaleza que se pudieran ocasionar, a t\u00edtulo enunciativo: errores u omisiones en los contenidos, falta de disponibilidad del portal o la transmisi\u00f3n de virus o programas maliciosos o lesivos en los contenidos, a pesar de haber adoptado todas las medidas tecnol\u00f3gicas necesarias para evitarlo. El contenido, informaci\u00f3n y consejos expresados en este portal web deben entenderse como simplemente orientativos. Angela Wild no responde de ninguna forma de la efectividad o exactitud de los mismos, quedando exento de cualquier responsabilidad con los usuarios y usuarias que hagan uso de ellos. En este Sitio se pueden publicar contenidos y comentarios aportados por terceras personas. Angela Wild no responde de la veracidad y exactitud de los mismos, quedando exenta de cualquier responsabilidad con los usuarios y con las usuarias que hagan uso de ellos. Angela Wild se reserva el derecho de modificar el contenido del Sitio sin previo aviso y sin ning\u00fan tipo de limitaci\u00f3n. As\u00ed mismo, la empresa declina cualquier responsabilidad por los eventuales da\u00f1os y perjuicios que<br \/>puedan ocasionarse por la falta de disponibilidad o continuidad de este sitio y de los servicios que se ofrecen en \u00e9l. Tampoco podemos garantizar la ausencia de virus ni de otros elementos en la Web que puedan producir alteraciones en su sistema inform\u00e1tico. Angela Wild declina cualquier<br \/>responsabilidad por los servicios e informaci\u00f3n que se preste en otros sitios enlazados con este, ya que no controla ni ejerce ning\u00fan tipo de supervisi\u00f3n en Sitios Webs de terceras personas.Aconsejamos a las usuarias y a los usuarios de los mismos que act\u00faen con prudencia y<br \/>que consulten las eventuales condiciones legales que se expongan en dichas Webs. As\u00ed mismo, los Usuarios\/as que remitan cualquier tipo de informaci\u00f3n a se asegurar\u00e1n de que la misma sea veraz y de que no vulnere cualquier derecho de terceras personas ni la legalidad vigente. Si Ud. cree que cualquier contenido o informaci\u00f3n de este Sitio vulnera un derecho leg\u00edtimo o la legalidad vigente le estar\u00edamos muy agradecidos que se pusiera en contacto con nosotros a trav\u00e9s de los medios que<\/p>\n<p>considere oportunos bien a la direcci\u00f3n de correo electr\u00f3nico angela.wild@web.de o en el siguiente n\u00famero de tel\u00e9fono 630723325 para que podamos tomar las medidas oportunas.<\/p>\n<h2>MODIFICACIONES:<\/h2>\n<p>Angela Wild se reserva el derecho de efectuar sin previo aviso las modificaciones que considere oportunas en su portal, pudiendo cambiar, suprimir o a\u00f1adir tanto los contenidos y servicios que se presten a trav\u00e9s de la misma como la forma en la que estos aparezcan presentados o localizados en<br \/>su portal.<\/p>\n<h2>ENLACES:<\/h2>\n<p>En el caso de que en nombre del dominio se pusieran en funcionamiento enlaces o hiperv\u00ednculos que recayeran en otros sitios de Internet Angela Wild no ejercer\u00e1 ning\u00fan tipo de control sobre dichos sitios y contenidos. En ning\u00fan caso Angela Wild asumir\u00e1 responsabilidad alguna por los contenidos de alg\u00fan enlace perteneciente a un sitio web ajeno, ni garantizar\u00e1 la disponibilidad t\u00e9cnica, calidad, fiabilidad, exactitud, amplitud, veracidad, validez y constitucionalidad de cualquier material o informaci\u00f3n contenida en ninguno de dichos hiperv\u00ednculos u otros sitios de Internet. Igualmente, la inclusi\u00f3n de estas conexiones externas no implicar\u00e1 ning\u00fan tipo de asociaci\u00f3n, fusi\u00f3n o participaci\u00f3n con las entidades conectadas.<br \/>La usuaria o el usuario reconoce y acepta que Angela Wild no ser\u00e1 responsable de las p\u00e9rdidas o da\u00f1os en que la usuaria o el usuario pueda incurrir a consecuencia de la disponibilidad de los mencionados sitios web o recursos externos, o a consecuencia de la credibilidad que otorgue a la exhaustividad, precisi\u00f3n o existencia de cualquier tipo de publicidad, productos u otros materiales ofrecidos a trav\u00e9s de dicho sitio web u otros recursos.<\/p>\n<h2>DERECHO DE EXCLUSI\u00d3N:<\/h2>\n<p>Angela Wild se reserva el derecho a denegar o retirar el acceso a portal o a los servicios ofrecidos sin necesidad de preaviso, a instancia propia o de terceras personas, a aquellos usuarios y a aquellas usuarias que incumplan las presentes Condiciones Generales de Uso.<\/p>\n<h2>GENERALIDADES:<\/h2>\n<p>Angela Wildperseguir\u00e1 el incumplimiento de las presentes condiciones, as\u00ed como cualquier utilizaci\u00f3n indebida de su portal ejerciendo todas las acciones civiles y penales que le puedan corresponder en derecho.<\/p>\n<h2>LEGISLACI\u00d3N APLICABLE Y JURISDICCI\u00d3N:<\/h2>\n<p>La relaci\u00f3n entre Angela Wild y la usuaria o el usuario se regir\u00e1 por la normativa espa\u00f1ola vigente. Y siempre que la normativa vigente al efecto establezca la posibilidad para las partes la sumisi\u00f3n a un fuero determinado cualquier controversia entre la persona responsable del sitio web y la usuaria o el usuario se someter\u00e1 a los Juzgados y tribunales de la ciudad de Las Palmas<\/p>\n<h2>PLATAFORMA EUROPEA DE RESOLUCI\u00d3N DE CONFLICTOS EN L\u00cdNEA:<\/h2>\n<p>Le informamos que ante cualquier problema que pueda derivarse del servicio contratado o producto vendido, puede utilizar la plataforma europea de resoluci\u00f3n de disputas online, esta es: <a href=\"https:\/\/ec.europa.eu\/consumers\/odr\/main\/index.cfm?event=main.home.show&amp;lng=ES.\" target=\"_blank\" rel=\"noopener noreferrer\">https:\/\/ec.europa.eu\/consumers\/odr\/main\/index.cfm?event=main.home.show&amp;lng=ES.<\/a><\/p>\n<p>[\/et_pb_text][\/et_pb_column][\/et_pb_row][\/et_pb_section]<\/p>\n","protected":false},"excerpt":{"rendered":"<p>AVISO LEGAL INTRODUCCION: El presente documento tiene como finalidad el establecer y regular las normas de uso de este portal web, entendiendo por \u00e9ste todas las p\u00e1ginas y sus contenidos, propiedad de Angela Wild , a las cuales se accede a trav\u00e9s del dominio https:\/\/pilates-individual.com\/. La utilizaci\u00f3n del portal web atribuye la condici\u00f3n de usuario [&hellip;]<\/p>\n","protected":false},"author":2,"featured_media":0,"parent":0,"menu_order":0,"comment_status":"closed","ping_status":"closed","template":"","meta":{"_et_pb_use_builder":"on","_et_pb_old_content":"","_et_gb_content_width":"","footnotes":""},"class_list":["post-1878","page","type-page","status-publish","hentry"],"yoast_head":"<!-- This site is optimized with the Yoast SEO plugin v27.2 - https:\/\/yoast.com\/product\/yoast-seo-wordpress\/ -->\n<title>Aviso Legal - Pilates Individual<\/title>\n<meta name=\"robots\" content=\"index, follow, max-snippet:-1, max-image-preview:large, max-video-preview:-1\" \/>\n<link rel=\"canonical\" href=\"https:\/\/pilates-individual.com\/es\/legal-advice\/\" \/>\n<meta property=\"og:locale\" content=\"es_ES\" \/>\n<meta property=\"og:type\" content=\"article\" \/>\n<meta property=\"og:title\" content=\"Aviso Legal - Pilates Individual\" \/>\n<meta property=\"og:description\" content=\"AVISO LEGAL INTRODUCCION: El presente documento tiene como finalidad el establecer y regular las normas de uso de este portal web, entendiendo por \u00e9ste todas las p\u00e1ginas y sus contenidos, propiedad de Angela Wild , a las cuales se accede a trav\u00e9s del dominio https:\/\/pilates-individual.com\/. La utilizaci\u00f3n del portal web atribuye la condici\u00f3n de usuario [&hellip;]\" \/>\n<meta property=\"og:url\" content=\"https:\/\/pilates-individual.com\/es\/legal-advice\/\" \/>\n<meta property=\"og:site_name\" content=\"Pilates Individual\" \/>\n<meta property=\"article:modified_time\" content=\"2022-06-14T19:09:30+00:00\" \/>\n<meta name=\"twitter:card\" content=\"summary_large_image\" \/>\n<meta name=\"twitter:label1\" content=\"Tiempo de lectura\" \/>\n\t<meta name=\"twitter:data1\" content=\"8 minutos\" \/>\n<script type=\"application\/ld+json\" class=\"yoast-schema-graph\">{\"@context\":\"https:\/\/schema.org\",\"@graph\":[{\"@type\":\"WebPage\",\"@id\":\"https:\/\/pilates-individual.com\/es\/legal-advice\/\",\"url\":\"https:\/\/pilates-individual.com\/es\/legal-advice\/\",\"name\":\"Aviso Legal - Pilates Individual\",\"isPartOf\":{\"@id\":\"https:\/\/pilates-individual.com\/#website\"},\"datePublished\":\"2020-05-24T15:47:24+00:00\",\"dateModified\":\"2022-06-14T19:09:30+00:00\",\"breadcrumb\":{\"@id\":\"https:\/\/pilates-individual.com\/es\/legal-advice\/#breadcrumb\"},\"inLanguage\":\"es\",\"potentialAction\":[{\"@type\":\"ReadAction\",\"target\":[\"https:\/\/pilates-individual.com\/es\/legal-advice\/\"]}]},{\"@type\":\"BreadcrumbList\",\"@id\":\"https:\/\/pilates-individual.com\/es\/legal-advice\/#breadcrumb\",\"itemListElement\":[{\"@type\":\"ListItem\",\"position\":1,\"name\":\"Home\",\"item\":\"https:\/\/pilates-individual.com\/es\/\"},{\"@type\":\"ListItem\",\"position\":2,\"name\":\"Aviso Legal\"}]},{\"@type\":\"WebSite\",\"@id\":\"https:\/\/pilates-individual.com\/#website\",\"url\":\"https:\/\/pilates-individual.com\/\",\"name\":\"Pilates Individual\",\"description\":\"Pilates with Angie\",\"publisher\":{\"@id\":\"https:\/\/pilates-individual.com\/#organization\"},\"potentialAction\":[{\"@type\":\"SearchAction\",\"target\":{\"@type\":\"EntryPoint\",\"urlTemplate\":\"https:\/\/pilates-individual.com\/?s={search_term_string}\"},\"query-input\":{\"@type\":\"PropertyValueSpecification\",\"valueRequired\":true,\"valueName\":\"search_term_string\"}}],\"inLanguage\":\"es\"},{\"@type\":\"Organization\",\"@id\":\"https:\/\/pilates-individual.com\/#organization\",\"name\":\"Pilates Individual Lanzarote\",\"url\":\"https:\/\/pilates-individual.com\/\",\"logo\":{\"@type\":\"ImageObject\",\"inLanguage\":\"es\",\"@id\":\"https:\/\/pilates-individual.com\/#\/schema\/logo\/image\/\",\"url\":\"https:\/\/pilates-individual.com\/wp-content\/uploads\/2017\/02\/pi-logo-stacked.png\",\"contentUrl\":\"https:\/\/pilates-individual.com\/wp-content\/uploads\/2017\/02\/pi-logo-stacked.png\",\"width\":132,\"height\":69,\"caption\":\"Pilates Individual Lanzarote\"},\"image\":{\"@id\":\"https:\/\/pilates-individual.com\/#\/schema\/logo\/image\/\"}}]}<\/script>\n<!-- \/ Yoast SEO plugin. -->","yoast_head_json":{"title":"Aviso Legal - Pilates Individual","robots":{"index":"index","follow":"follow","max-snippet":"max-snippet:-1","max-image-preview":"max-image-preview:large","max-video-preview":"max-video-preview:-1"},"canonical":"https:\/\/pilates-individual.com\/es\/legal-advice\/","og_locale":"es_ES","og_type":"article","og_title":"Aviso Legal - Pilates Individual","og_description":"AVISO LEGAL INTRODUCCION: El presente documento tiene como finalidad el establecer y regular las normas de uso de este portal web, entendiendo por \u00e9ste todas las p\u00e1ginas y sus contenidos, propiedad de Angela Wild , a las cuales se accede a trav\u00e9s del dominio https:\/\/pilates-individual.com\/. La utilizaci\u00f3n del portal web atribuye la condici\u00f3n de usuario [&hellip;]","og_url":"https:\/\/pilates-individual.com\/es\/legal-advice\/","og_site_name":"Pilates Individual","article_modified_time":"2022-06-14T19:09:30+00:00","twitter_card":"summary_large_image","twitter_misc":{"Tiempo de lectura":"8 minutos"},"schema":{"@context":"https:\/\/schema.org","@graph":[{"@type":"WebPage","@id":"https:\/\/pilates-individual.com\/es\/legal-advice\/","url":"https:\/\/pilates-individual.com\/es\/legal-advice\/","name":"Aviso Legal - Pilates Individual","isPartOf":{"@id":"https:\/\/pilates-individual.com\/#website"},"datePublished":"2020-05-24T15:47:24+00:00","dateModified":"2022-06-14T19:09:30+00:00","breadcrumb":{"@id":"https:\/\/pilates-individual.com\/es\/legal-advice\/#breadcrumb"},"inLanguage":"es","potentialAction":[{"@type":"ReadAction","target":["https:\/\/pilates-individual.com\/es\/legal-advice\/"]}]},{"@type":"BreadcrumbList","@id":"https:\/\/pilates-individual.com\/es\/legal-advice\/#breadcrumb","itemListElement":[{"@type":"ListItem","position":1,"name":"Home","item":"https:\/\/pilates-individual.com\/es\/"},{"@type":"ListItem","position":2,"name":"Aviso Legal"}]},{"@type":"WebSite","@id":"https:\/\/pilates-individual.com\/#website","url":"https:\/\/pilates-individual.com\/","name":"Pilates Individual","description":"Pilates with Angie","publisher":{"@id":"https:\/\/pilates-individual.com\/#organization"},"potentialAction":[{"@type":"SearchAction","target":{"@type":"EntryPoint","urlTemplate":"https:\/\/pilates-individual.com\/?s={search_term_string}"},"query-input":{"@type":"PropertyValueSpecification","valueRequired":true,"valueName":"search_term_string"}}],"inLanguage":"es"},{"@type":"Organization","@id":"https:\/\/pilates-individual.com\/#organization","name":"Pilates Individual Lanzarote","url":"https:\/\/pilates-individual.com\/","logo":{"@type":"ImageObject","inLanguage":"es","@id":"https:\/\/pilates-individual.com\/#\/schema\/logo\/image\/","url":"https:\/\/pilates-individual.com\/wp-content\/uploads\/2017\/02\/pi-logo-stacked.png","contentUrl":"https:\/\/pilates-individual.com\/wp-content\/uploads\/2017\/02\/pi-logo-stacked.png","width":132,"height":69,"caption":"Pilates Individual Lanzarote"},"image":{"@id":"https:\/\/pilates-individual.com\/#\/schema\/logo\/image\/"}}]}},"_links":{"self":[{"href":"https:\/\/pilates-individual.com\/es\/wp-json\/wp\/v2\/pages\/1878","targetHints":{"allow":["GET"]}}],"collection":[{"href":"https:\/\/pilates-individual.com\/es\/wp-json\/wp\/v2\/pages"}],"about":[{"href":"https:\/\/pilates-individual.com\/es\/wp-json\/wp\/v2\/types\/page"}],"author":[{"embeddable":true,"href":"https:\/\/pilates-individual.com\/es\/wp-json\/wp\/v2\/users\/2"}],"replies":[{"embeddable":true,"href":"https:\/\/pilates-individual.com\/es\/wp-json\/wp\/v2\/comments?post=1878"}],"version-history":[{"count":5,"href":"https:\/\/pilates-individual.com\/es\/wp-json\/wp\/v2\/pages\/1878\/revisions"}],"predecessor-version":[{"id":1885,"href":"https:\/\/pilates-individual.com\/es\/wp-json\/wp\/v2\/pages\/1878\/revisions\/1885"}],"wp:attachment":[{"href":"https:\/\/pilates-individual.com\/es\/wp-json\/wp\/v2\/media?parent=1878"}],"curies":[{"name":"wp","href":"https:\/\/api.w.org\/{rel}","templated":true}]}}