{"id":1141,"date":"2017-03-02T13:15:37","date_gmt":"2017-03-02T13:15:37","guid":{"rendered":"http:\/\/fcapages.com\/pilatesindividual\/about-me\/"},"modified":"2021-01-12T20:49:08","modified_gmt":"2021-01-12T20:49:08","slug":"about-me","status":"publish","type":"page","link":"https:\/\/pilates-individual.com\/es\/about-me\/","title":{"rendered":"Sobre mi"},"content":{"rendered":"<p>[et_pb_section fb_built=\u00bb1&#8243; fullwidth=\u00bbon\u00bb _builder_version=\u00bb3.22&#8243;][et_pb_fullwidth_header title=\u00bbAngela Wild\u00bb text_orientation=\u00bbright\u00bb header_fullscreen=\u00bbon\u00bb header_scroll_down=\u00bbon\u00bb content_max_width=\u00bbnone\u00bb disabled_on=\u00bbon||\u00bb admin_label=\u00bbangie wave desktop + tablet\u00bb _builder_version=\u00bb3.16&#8243; background_color=\u00bbrgba(255, 255, 255, 0)\u00bb background_image=\u00bbhttps:\/\/pilates-individual.com\/wp-content\/uploads\/2017\/03\/head-angie-surf-1920.jpg\u00bb background_url=\u00bbhttps:\/\/pilates-individual.com\/wp-content\/uploads\/2017\/03\/head-angie-surf-1920.jpg\u00bb button_one_text_size__hover_enabled=\u00bboff\u00bb button_one_text_size__hover=\u00bbnull\u00bb button_two_text_size__hover_enabled=\u00bboff\u00bb button_two_text_size__hover=\u00bbnull\u00bb button_one_text_color__hover_enabled=\u00bboff\u00bb button_one_text_color__hover=\u00bbnull\u00bb button_two_text_color__hover_enabled=\u00bboff\u00bb button_two_text_color__hover=\u00bbnull\u00bb button_one_border_width__hover_enabled=\u00bboff\u00bb button_one_border_width__hover=\u00bbnull\u00bb button_two_border_width__hover_enabled=\u00bboff\u00bb button_two_border_width__hover=\u00bbnull\u00bb button_one_border_color__hover_enabled=\u00bboff\u00bb button_one_border_color__hover=\u00bbnull\u00bb button_two_border_color__hover_enabled=\u00bboff\u00bb button_two_border_color__hover=\u00bbnull\u00bb button_one_border_radius__hover_enabled=\u00bboff\u00bb button_one_border_radius__hover=\u00bbnull\u00bb button_two_border_radius__hover_enabled=\u00bboff\u00bb button_two_border_radius__hover=\u00bbnull\u00bb button_one_letter_spacing__hover_enabled=\u00bboff\u00bb button_one_letter_spacing__hover=\u00bbnull\u00bb button_two_letter_spacing__hover_enabled=\u00bboff\u00bb button_two_letter_spacing__hover=\u00bbnull\u00bb button_one_bg_color__hover_enabled=\u00bboff\u00bb button_one_bg_color__hover=\u00bbnull\u00bb button_two_bg_color__hover_enabled=\u00bboff\u00bb button_two_bg_color__hover=\u00bbnull\u00bb][\/et_pb_fullwidth_header][et_pb_fullwidth_header title=\u00bbAngela Wild\u00bb text_orientation=\u00bbright\u00bb header_fullscreen=\u00bbon\u00bb header_scroll_down=\u00bbon\u00bb content_max_width=\u00bbnone\u00bb disabled_on=\u00bboff|on|on\u00bb admin_label=\u00bbangie wave mobile\u00bb _builder_version=\u00bb3.16&#8243; background_color=\u00bbrgba(255, 255, 255, 0)\u00bb background_image=\u00bbhttps:\/\/pilates-individual.com\/wp-content\/uploads\/2017\/03\/head-mob-angie-surf-1000.jpg\u00bb background_url=\u00bbhttps:\/\/pilates-individual.com\/wp-content\/uploads\/2017\/03\/head-mob-angie-surf-1000.jpg\u00bb button_one_text_size__hover_enabled=\u00bboff\u00bb button_one_text_size__hover=\u00bbnull\u00bb button_two_text_size__hover_enabled=\u00bboff\u00bb button_two_text_size__hover=\u00bbnull\u00bb button_one_text_color__hover_enabled=\u00bboff\u00bb button_one_text_color__hover=\u00bbnull\u00bb button_two_text_color__hover_enabled=\u00bboff\u00bb button_two_text_color__hover=\u00bbnull\u00bb button_one_border_width__hover_enabled=\u00bboff\u00bb button_one_border_width__hover=\u00bbnull\u00bb button_two_border_width__hover_enabled=\u00bboff\u00bb button_two_border_width__hover=\u00bbnull\u00bb button_one_border_color__hover_enabled=\u00bboff\u00bb button_one_border_color__hover=\u00bbnull\u00bb button_two_border_color__hover_enabled=\u00bboff\u00bb button_two_border_color__hover=\u00bbnull\u00bb button_one_border_radius__hover_enabled=\u00bboff\u00bb button_one_border_radius__hover=\u00bbnull\u00bb button_two_border_radius__hover_enabled=\u00bboff\u00bb button_two_border_radius__hover=\u00bbnull\u00bb button_one_letter_spacing__hover_enabled=\u00bboff\u00bb button_one_letter_spacing__hover=\u00bbnull\u00bb button_two_letter_spacing__hover_enabled=\u00bboff\u00bb button_two_letter_spacing__hover=\u00bbnull\u00bb button_one_bg_color__hover_enabled=\u00bboff\u00bb button_one_bg_color__hover=\u00bbnull\u00bb button_two_bg_color__hover_enabled=\u00bboff\u00bb button_two_bg_color__hover=\u00bbnull\u00bb][\/et_pb_fullwidth_header][\/et_pb_section][et_pb_section fb_built=\u00bb1&#8243; admin_label=\u00bbsection\u00bb _builder_version=\u00bb3.22&#8243;][et_pb_row column_structure=\u00bb1_2,1_2&#8243; admin_label=\u00bbrow\u00bb _builder_version=\u00bb3.25&#8243; background_size=\u00bbinitial\u00bb background_position=\u00bbtop_left\u00bb background_repeat=\u00bbrepeat\u00bb][et_pb_column type=\u00bb1_2&#8243; _builder_version=\u00bb3.25&#8243; custom_padding=\u00bb|||\u00bb custom_padding__hover=\u00bb|||\u00bb][et_pb_text _builder_version=\u00bb3.27.4&#8243; background_size=\u00bbinitial\u00bb background_position=\u00bbtop_left\u00bb background_repeat=\u00bbrepeat\u00bb]<\/p>\n<h1><span style=\"color: #5ec3dd;\">Sobre mi<\/span><\/h1>\n<p>Siempre am&eacute; hacer ejercicio y disfrutar de deportes diferentes, pero cuando descubr&iacute; el m&eacute;todo Pilates fue una verdadera revelaci&oacute;n. Pilates r&aacute;pidamente se convirti&oacute; en mi pasi&oacute;n por c&oacute;mo mejora mi forma y postura. Poco despu&eacute;s de comenzar Pilates como cliente en 2002 comenc&eacute; mi entrenamiento como instructor para poder compartir sus beneficios de salud con otros. He estado ense&ntilde;ando el m&eacute;todo Pilates como instructor calificado desde 2005.<\/p>\n<p>[\/et_pb_text][et_pb_divider show_divider=\u00bboff\u00bb disabled_on=\u00bbon|on|\u00bb _builder_version=\u00bb3.23.4&#8243; height=\u00bb30px\u00bb][\/et_pb_divider][et_pb_text _builder_version=\u00bb4.7.7&#8243; background_size=\u00bbinitial\u00bb background_position=\u00bbtop_left\u00bb background_repeat=\u00bbrepeat\u00bb hover_enabled=\u00bb0&#8243; sticky_enabled=\u00bb0&#8243;]<\/p>\n<h1><span style=\"color: #5ec3dd;\">Formaci\u00f3n<\/span><\/h1>\n<p>2004-2006 \u2014 Ian Dilworth, Mentor (Lanzarote)<\/p>\n<p>2005 \u2014 Michael King, Pilates Institute (Berlin)<\/p>\n<p>2006-2007 \u2014 Polestar (Cologne)<\/p>\n<p>2009 \u2014 Center Circle (Munich)<\/p>\n<p>2010 \u2014 Karen Clippinger, BASI Pilates (Munich)<\/p>\n<p>2011 \u2014 Kelly Kane &amp; Matt McCulloch, Kane School (Frankfurt)<\/p>\n<p>2011 \u2014 Detlef P\u00f6hlmann, Functional Training Strategies (Frankfurt)<\/p>\n<p>2012 \u2014 Somatic Training Method of Thomas Hanna<\/p>\n<p>2012 \u2014 James Earls, Thomas Myer\u2019s Anatomy Trains for Movement Therapists (Madrid)<\/p>\n<p>2013, 2015\u00a0<span style=\"background-color: #ffffff; font-size: 14px;\">\u2014<\/span><span style=\"background-color: #ffffff; font-size: 14px;\">\u00a0<\/span><span style=\"font-size: 14px;\">Art of Motion (Bern); Slings-Myofascial Meridians in Movement<\/span><\/p>\n<p>2016 \u2014 Osteopathic Movements on the Pilates Roller &#8211; Marcel Merkel, Stefan Kosik<\/p>\n<p>2016 \u2014 BMT Learning &#8211; Balance Muscular Training (Arrecife)<\/p>\n<p>2017 \u2014 Art of Motion \/ Pilates &amp; Body Reading<br \/>2017 \u2014 Reflexive Performance Reset&#x2122; Foundation &amp; Advanced<\/p>\n<div>\u00a0<\/div>\n<div class=\"\"><span class=\"\">2020 \u2014 Eric Franklin Method: \u00a0<\/span><\/div>\n<ul>\n<li><span class=\"\">Pian Free Sacroiliac Joint<\/span><\/li>\n<li><span class=\"\">Happy Feets<\/span><\/li>\n<li><span class=\"\">Psoas and Hip Release<\/span><\/li>\n<\/ul>\n<div class=\"\"><span class=\"\">2020 \u2014 <\/span><span class=\"\">Eric\u00a0Franklin Method Qualifyt Fascia Trainer for:<\/span><\/div>\n<ul>\n<li><span class=\"\">Shoulder, Neck &amp; Face<\/span><\/li>\n<li><span class=\"\">Pelvis\u00a0<\/span><\/li>\n<\/ul>\n<p>[\/et_pb_text][\/et_pb_column][et_pb_column type=\u00bb1_2&#8243; _builder_version=\u00bb3.25&#8243; custom_padding=\u00bb|||\u00bb custom_padding__hover=\u00bb|||\u00bb][et_pb_text _builder_version=\u00bb3.27.4&#8243; background_size=\u00bbinitial\u00bb background_position=\u00bbtop_left\u00bb background_repeat=\u00bbrepeat\u00bb]<\/p>\n<h1><span style=\"color: #5ec3dd;\">Mi filosof\u00eda personal<\/span><\/h1>\n<p>Mi filosof\u00eda personal como instructor de Pilates se centra en las circunstancias \u00fanicas de cada individuo, y la adaptaci\u00f3n de mis m\u00e9todos para satisfacer las necesidades de cada persona. Me siento orgulloso de escuchar a cada uno de mis clientes y de estar profundamente familiarizado con sus condiciones, h\u00e1bitos y metas, y adaptar soluciones para ayudarles a lograr resultados con los que estar\u00e1n satisfechos. A lo largo de mi tiempo como instructor calificado de Pilates, tengo mi propio estudio y trabajo independientemente de modo que pueda tener una conexi\u00f3n directa 1-a-1 con cada persona. Incluso en las clases grupales, veo como un deber personal atender las necesidades de cada individuo y monitorear su progreso mientras est\u00e9n bajo mi cuidado.<\/p>\n<p>[\/et_pb_text][et_pb_divider show_divider=\u00bboff\u00bb disabled_on=\u00bbon|on|\u00bb _builder_version=\u00bb3.23.4&#8243; height=\u00bb30px\u00bb][\/et_pb_divider][et_pb_image src=\u00bbhttps:\/\/pilates-individual.com\/wp-content\/uploads\/2017\/02\/aboutme-800&#215;500.jpg\u00bb alt=\u00bbAngela Wild pilates individual\u00bb title_text=\u00bbAngela Wild pilates individual\u00bb align_tablet=\u00bbcenter\u00bb align_phone=\u00bb\u00bb align_last_edited=\u00bbon|desktop\u00bb _builder_version=\u00bb3.23&#8243; animation_style=\u00bbslide\u00bb animation_direction=\u00bbleft\u00bb animation_duration=\u00bb500ms\u00bb animation_intensity_slide=\u00bb10%\u00bb][\/et_pb_image][\/et_pb_column][\/et_pb_row][\/et_pb_section]<\/p>\n","protected":false},"excerpt":{"rendered":"<p>Sobre mi Siempre am&eacute; hacer ejercicio y disfrutar de deportes diferentes, pero cuando descubr&iacute; el m&eacute;todo Pilates fue una verdadera revelaci&oacute;n. Pilates r&aacute;pidamente se convirti&oacute; en mi pasi&oacute;n por c&oacute;mo mejora mi forma y postura. Poco despu&eacute;s de comenzar Pilates como cliente en 2002 comenc&eacute; mi entrenamiento como instructor para poder compartir sus beneficios de [&hellip;]<\/p>\n","protected":false},"author":2,"featured_media":0,"parent":0,"menu_order":0,"comment_status":"closed","ping_status":"closed","template":"","meta":{"_et_pb_use_builder":"on","_et_pb_old_content":"","_et_gb_content_width":"","footnotes":""},"class_list":["post-1141","page","type-page","status-publish","hentry"],"yoast_head":"<!-- This site is optimized with the Yoast SEO plugin v27.2 - https:\/\/yoast.com\/product\/yoast-seo-wordpress\/ -->\n<title>Sobre mi - Pilates Individual<\/title>\n<meta name=\"robots\" content=\"index, follow, max-snippet:-1, max-image-preview:large, max-video-preview:-1\" \/>\n<link rel=\"canonical\" href=\"https:\/\/pilates-individual.com\/es\/about-me\/\" \/>\n<meta property=\"og:locale\" content=\"es_ES\" \/>\n<meta property=\"og:type\" content=\"article\" \/>\n<meta property=\"og:title\" content=\"Sobre mi - Pilates Individual\" \/>\n<meta property=\"og:description\" content=\"Sobre mi Siempre am&eacute; hacer ejercicio y disfrutar de deportes diferentes, pero cuando descubr&iacute; el m&eacute;todo Pilates fue una verdadera revelaci&oacute;n. Pilates r&aacute;pidamente se convirti&oacute; en mi pasi&oacute;n por c&oacute;mo mejora mi forma y postura. Poco despu&eacute;s de comenzar Pilates como cliente en 2002 comenc&eacute; mi entrenamiento como instructor para poder compartir sus beneficios de [&hellip;]\" \/>\n<meta property=\"og:url\" content=\"https:\/\/pilates-individual.com\/es\/about-me\/\" \/>\n<meta property=\"og:site_name\" content=\"Pilates Individual\" \/>\n<meta property=\"article:modified_time\" content=\"2021-01-12T20:49:08+00:00\" \/>\n<meta name=\"twitter:card\" content=\"summary_large_image\" \/>\n<meta name=\"twitter:label1\" content=\"Tiempo de lectura\" \/>\n\t<meta name=\"twitter:data1\" content=\"5 minutos\" \/>\n<script type=\"application\/ld+json\" class=\"yoast-schema-graph\">{\"@context\":\"https:\/\/schema.org\",\"@graph\":[{\"@type\":\"WebPage\",\"@id\":\"https:\/\/pilates-individual.com\/es\/about-me\/\",\"url\":\"https:\/\/pilates-individual.com\/es\/about-me\/\",\"name\":\"Sobre mi - Pilates Individual\",\"isPartOf\":{\"@id\":\"https:\/\/pilates-individual.com\/#website\"},\"datePublished\":\"2017-03-02T13:15:37+00:00\",\"dateModified\":\"2021-01-12T20:49:08+00:00\",\"breadcrumb\":{\"@id\":\"https:\/\/pilates-individual.com\/es\/about-me\/#breadcrumb\"},\"inLanguage\":\"es\",\"potentialAction\":[{\"@type\":\"ReadAction\",\"target\":[\"https:\/\/pilates-individual.com\/es\/about-me\/\"]}]},{\"@type\":\"BreadcrumbList\",\"@id\":\"https:\/\/pilates-individual.com\/es\/about-me\/#breadcrumb\",\"itemListElement\":[{\"@type\":\"ListItem\",\"position\":1,\"name\":\"Home\",\"item\":\"https:\/\/pilates-individual.com\/es\/\"},{\"@type\":\"ListItem\",\"position\":2,\"name\":\"Sobre mi\"}]},{\"@type\":\"WebSite\",\"@id\":\"https:\/\/pilates-individual.com\/#website\",\"url\":\"https:\/\/pilates-individual.com\/\",\"name\":\"Pilates Individual\",\"description\":\"Pilates with Angie\",\"publisher\":{\"@id\":\"https:\/\/pilates-individual.com\/#organization\"},\"potentialAction\":[{\"@type\":\"SearchAction\",\"target\":{\"@type\":\"EntryPoint\",\"urlTemplate\":\"https:\/\/pilates-individual.com\/?s={search_term_string}\"},\"query-input\":{\"@type\":\"PropertyValueSpecification\",\"valueRequired\":true,\"valueName\":\"search_term_string\"}}],\"inLanguage\":\"es\"},{\"@type\":\"Organization\",\"@id\":\"https:\/\/pilates-individual.com\/#organization\",\"name\":\"Pilates Individual Lanzarote\",\"url\":\"https:\/\/pilates-individual.com\/\",\"logo\":{\"@type\":\"ImageObject\",\"inLanguage\":\"es\",\"@id\":\"https:\/\/pilates-individual.com\/#\/schema\/logo\/image\/\",\"url\":\"https:\/\/pilates-individual.com\/wp-content\/uploads\/2017\/02\/pi-logo-stacked.png\",\"contentUrl\":\"https:\/\/pilates-individual.com\/wp-content\/uploads\/2017\/02\/pi-logo-stacked.png\",\"width\":132,\"height\":69,\"caption\":\"Pilates Individual Lanzarote\"},\"image\":{\"@id\":\"https:\/\/pilates-individual.com\/#\/schema\/logo\/image\/\"}}]}<\/script>\n<!-- \/ Yoast SEO plugin. -->","yoast_head_json":{"title":"Sobre mi - Pilates Individual","robots":{"index":"index","follow":"follow","max-snippet":"max-snippet:-1","max-image-preview":"max-image-preview:large","max-video-preview":"max-video-preview:-1"},"canonical":"https:\/\/pilates-individual.com\/es\/about-me\/","og_locale":"es_ES","og_type":"article","og_title":"Sobre mi - Pilates Individual","og_description":"Sobre mi Siempre am&eacute; hacer ejercicio y disfrutar de deportes diferentes, pero cuando descubr&iacute; el m&eacute;todo Pilates fue una verdadera revelaci&oacute;n. Pilates r&aacute;pidamente se convirti&oacute; en mi pasi&oacute;n por c&oacute;mo mejora mi forma y postura. Poco despu&eacute;s de comenzar Pilates como cliente en 2002 comenc&eacute; mi entrenamiento como instructor para poder compartir sus beneficios de [&hellip;]","og_url":"https:\/\/pilates-individual.com\/es\/about-me\/","og_site_name":"Pilates Individual","article_modified_time":"2021-01-12T20:49:08+00:00","twitter_card":"summary_large_image","twitter_misc":{"Tiempo de lectura":"5 minutos"},"schema":{"@context":"https:\/\/schema.org","@graph":[{"@type":"WebPage","@id":"https:\/\/pilates-individual.com\/es\/about-me\/","url":"https:\/\/pilates-individual.com\/es\/about-me\/","name":"Sobre mi - Pilates Individual","isPartOf":{"@id":"https:\/\/pilates-individual.com\/#website"},"datePublished":"2017-03-02T13:15:37+00:00","dateModified":"2021-01-12T20:49:08+00:00","breadcrumb":{"@id":"https:\/\/pilates-individual.com\/es\/about-me\/#breadcrumb"},"inLanguage":"es","potentialAction":[{"@type":"ReadAction","target":["https:\/\/pilates-individual.com\/es\/about-me\/"]}]},{"@type":"BreadcrumbList","@id":"https:\/\/pilates-individual.com\/es\/about-me\/#breadcrumb","itemListElement":[{"@type":"ListItem","position":1,"name":"Home","item":"https:\/\/pilates-individual.com\/es\/"},{"@type":"ListItem","position":2,"name":"Sobre mi"}]},{"@type":"WebSite","@id":"https:\/\/pilates-individual.com\/#website","url":"https:\/\/pilates-individual.com\/","name":"Pilates Individual","description":"Pilates with Angie","publisher":{"@id":"https:\/\/pilates-individual.com\/#organization"},"potentialAction":[{"@type":"SearchAction","target":{"@type":"EntryPoint","urlTemplate":"https:\/\/pilates-individual.com\/?s={search_term_string}"},"query-input":{"@type":"PropertyValueSpecification","valueRequired":true,"valueName":"search_term_string"}}],"inLanguage":"es"},{"@type":"Organization","@id":"https:\/\/pilates-individual.com\/#organization","name":"Pilates Individual Lanzarote","url":"https:\/\/pilates-individual.com\/","logo":{"@type":"ImageObject","inLanguage":"es","@id":"https:\/\/pilates-individual.com\/#\/schema\/logo\/image\/","url":"https:\/\/pilates-individual.com\/wp-content\/uploads\/2017\/02\/pi-logo-stacked.png","contentUrl":"https:\/\/pilates-individual.com\/wp-content\/uploads\/2017\/02\/pi-logo-stacked.png","width":132,"height":69,"caption":"Pilates Individual Lanzarote"},"image":{"@id":"https:\/\/pilates-individual.com\/#\/schema\/logo\/image\/"}}]}},"_links":{"self":[{"href":"https:\/\/pilates-individual.com\/es\/wp-json\/wp\/v2\/pages\/1141","targetHints":{"allow":["GET"]}}],"collection":[{"href":"https:\/\/pilates-individual.com\/es\/wp-json\/wp\/v2\/pages"}],"about":[{"href":"https:\/\/pilates-individual.com\/es\/wp-json\/wp\/v2\/types\/page"}],"author":[{"embeddable":true,"href":"https:\/\/pilates-individual.com\/es\/wp-json\/wp\/v2\/users\/2"}],"replies":[{"embeddable":true,"href":"https:\/\/pilates-individual.com\/es\/wp-json\/wp\/v2\/comments?post=1141"}],"version-history":[{"count":8,"href":"https:\/\/pilates-individual.com\/es\/wp-json\/wp\/v2\/pages\/1141\/revisions"}],"predecessor-version":[{"id":1823,"href":"https:\/\/pilates-individual.com\/es\/wp-json\/wp\/v2\/pages\/1141\/revisions\/1823"}],"wp:attachment":[{"href":"https:\/\/pilates-individual.com\/es\/wp-json\/wp\/v2\/media?parent=1141"}],"curies":[{"name":"wp","href":"https:\/\/api.w.org\/{rel}","templated":true}]}}